{"id":1249,"date":"2024-07-17T09:11:28","date_gmt":"2024-07-17T13:11:28","guid":{"rendered":"https:\/\/dermaviemd.ca\/conditions-to-treat\/taches-brunes\/"},"modified":"2024-07-30T15:49:30","modified_gmt":"2024-07-30T19:49:30","slug":"brown-spots","status":"publish","type":"page","link":"https:\/\/dermaviemd.ca\/en\/conditions-to-treat\/brown-spots\/","title":{"rendered":"Brown spots"},"content":{"rendered":"","protected":false},"excerpt":{"rendered":"","protected":false},"author":1,"featured_media":0,"parent":910,"menu_order":10,"comment_status":"closed","ping_status":"closed","template":"","meta":{"_acf_changed":false,"footnotes":""},"class_list":["post-1249","page","type-page","status-publish","hentry","entry"],"acf":[],"yoast_head":"<!-- This site is optimized with the Yoast SEO plugin v22.3 - https:\/\/yoast.com\/wordpress\/plugins\/seo\/ -->\n<title>Traitement pour Brown spots \u00e0 Gatineau - DermaVie M.D.<\/title>\n<meta name=\"description\" content=\"G\u00e9rez efficacement la rosac\u00e9e \u00e0 Gatineau avec nos traitements sp\u00e9cialis\u00e9s. Laissez la Clinique Dermavie MD \u00e0 Gatineau vous aider \u00e0 r\u00e9duire les rougeurs et am\u00e9liorer la clart\u00e9 de la peau.\" \/>\n<meta name=\"robots\" content=\"index, follow, max-snippet:-1, max-image-preview:large, max-video-preview:-1\" \/>\n<link rel=\"canonical\" href=\"https:\/\/dermaviemd.ca\/en\/conditions-to-treat\/brown-spots\/\" \/>\n<meta property=\"og:locale\" content=\"en_US\" \/>\n<meta property=\"og:type\" content=\"article\" \/>\n<meta property=\"og:title\" content=\"Traitement pour Brown spots \u00e0 Gatineau - DermaVie M.D.\" \/>\n<meta property=\"og:description\" content=\"G\u00e9rez efficacement la rosac\u00e9e \u00e0 Gatineau avec nos traitements sp\u00e9cialis\u00e9s. Laissez la Clinique Dermavie MD \u00e0 Gatineau vous aider \u00e0 r\u00e9duire les rougeurs et am\u00e9liorer la clart\u00e9 de la peau.\" \/>\n<meta property=\"og:url\" content=\"https:\/\/dermaviemd.ca\/en\/conditions-to-treat\/brown-spots\/\" \/>\n<meta property=\"og:site_name\" content=\"DermaVie M.D.\" \/>\n<meta property=\"article:modified_time\" content=\"2024-07-30T19:49:30+00:00\" \/>\n<meta name=\"twitter:card\" content=\"summary_large_image\" \/>\n<script type=\"application\/ld+json\" class=\"yoast-schema-graph\">{\"@context\":\"https:\/\/schema.org\",\"@graph\":[{\"@type\":\"WebPage\",\"@id\":\"https:\/\/dermaviemd.ca\/en\/conditions-to-treat\/brown-spots\/\",\"url\":\"https:\/\/dermaviemd.ca\/en\/conditions-to-treat\/brown-spots\/\",\"name\":\"Traitement pour Brown spots \u00e0 Gatineau - DermaVie M.D.\",\"isPartOf\":{\"@id\":\"https:\/\/dermaviemd.ca\/#website\"},\"datePublished\":\"2024-07-17T13:11:28+00:00\",\"dateModified\":\"2024-07-30T19:49:30+00:00\",\"description\":\"G\u00e9rez efficacement la rosac\u00e9e \u00e0 Gatineau avec nos traitements sp\u00e9cialis\u00e9s. Laissez la Clinique Dermavie MD \u00e0 Gatineau vous aider \u00e0 r\u00e9duire les rougeurs et am\u00e9liorer la clart\u00e9 de la peau.\",\"breadcrumb\":{\"@id\":\"https:\/\/dermaviemd.ca\/en\/conditions-to-treat\/brown-spots\/#breadcrumb\"},\"inLanguage\":\"en-US\",\"potentialAction\":[{\"@type\":\"ReadAction\",\"target\":[\"https:\/\/dermaviemd.ca\/en\/conditions-to-treat\/brown-spots\/\"]}]},{\"@type\":\"BreadcrumbList\",\"@id\":\"https:\/\/dermaviemd.ca\/en\/conditions-to-treat\/brown-spots\/#breadcrumb\",\"itemListElement\":[{\"@type\":\"ListItem\",\"position\":1,\"name\":\"Accueil\",\"item\":\"https:\/\/dermaviemd.ca\/en\/\"},{\"@type\":\"ListItem\",\"position\":2,\"name\":\"Conditions to treat\",\"item\":\"https:\/\/dermaviemd.ca\/en\/conditions-to-treat\/\"},{\"@type\":\"ListItem\",\"position\":3,\"name\":\"Brown spots\"}]},{\"@type\":\"WebSite\",\"@id\":\"https:\/\/dermaviemd.ca\/#website\",\"url\":\"https:\/\/dermaviemd.ca\/\",\"name\":\"DermaVie M.D.\",\"description\":\"En tant que m\u00e9decins sp\u00e9cialistes en dermatologie, notre mission est de vous offrir les meilleurs soins possibles.\",\"potentialAction\":[{\"@type\":\"SearchAction\",\"target\":{\"@type\":\"EntryPoint\",\"urlTemplate\":\"https:\/\/dermaviemd.ca\/?s={search_term_string}\"},\"query-input\":\"required name=search_term_string\"}],\"inLanguage\":\"en-US\"}]}<\/script>\n<!-- \/ Yoast SEO plugin. -->","yoast_head_json":{"title":"Traitement pour Brown spots \u00e0 Gatineau - DermaVie M.D.","description":"G\u00e9rez efficacement la rosac\u00e9e \u00e0 Gatineau avec nos traitements sp\u00e9cialis\u00e9s. Laissez la Clinique Dermavie MD \u00e0 Gatineau vous aider \u00e0 r\u00e9duire les rougeurs et am\u00e9liorer la clart\u00e9 de la peau.","robots":{"index":"index","follow":"follow","max-snippet":"max-snippet:-1","max-image-preview":"max-image-preview:large","max-video-preview":"max-video-preview:-1"},"canonical":"https:\/\/dermaviemd.ca\/en\/conditions-to-treat\/brown-spots\/","og_locale":"en_US","og_type":"article","og_title":"Traitement pour Brown spots \u00e0 Gatineau - DermaVie M.D.","og_description":"G\u00e9rez efficacement la rosac\u00e9e \u00e0 Gatineau avec nos traitements sp\u00e9cialis\u00e9s. Laissez la Clinique Dermavie MD \u00e0 Gatineau vous aider \u00e0 r\u00e9duire les rougeurs et am\u00e9liorer la clart\u00e9 de la peau.","og_url":"https:\/\/dermaviemd.ca\/en\/conditions-to-treat\/brown-spots\/","og_site_name":"DermaVie M.D.","article_modified_time":"2024-07-30T19:49:30+00:00","twitter_card":"summary_large_image","schema":{"@context":"https:\/\/schema.org","@graph":[{"@type":"WebPage","@id":"https:\/\/dermaviemd.ca\/en\/conditions-to-treat\/brown-spots\/","url":"https:\/\/dermaviemd.ca\/en\/conditions-to-treat\/brown-spots\/","name":"Traitement pour Brown spots \u00e0 Gatineau - DermaVie M.D.","isPartOf":{"@id":"https:\/\/dermaviemd.ca\/#website"},"datePublished":"2024-07-17T13:11:28+00:00","dateModified":"2024-07-30T19:49:30+00:00","description":"G\u00e9rez efficacement la rosac\u00e9e \u00e0 Gatineau avec nos traitements sp\u00e9cialis\u00e9s. Laissez la Clinique Dermavie MD \u00e0 Gatineau vous aider \u00e0 r\u00e9duire les rougeurs et am\u00e9liorer la clart\u00e9 de la peau.","breadcrumb":{"@id":"https:\/\/dermaviemd.ca\/en\/conditions-to-treat\/brown-spots\/#breadcrumb"},"inLanguage":"en-US","potentialAction":[{"@type":"ReadAction","target":["https:\/\/dermaviemd.ca\/en\/conditions-to-treat\/brown-spots\/"]}]},{"@type":"BreadcrumbList","@id":"https:\/\/dermaviemd.ca\/en\/conditions-to-treat\/brown-spots\/#breadcrumb","itemListElement":[{"@type":"ListItem","position":1,"name":"Accueil","item":"https:\/\/dermaviemd.ca\/en\/"},{"@type":"ListItem","position":2,"name":"Conditions to treat","item":"https:\/\/dermaviemd.ca\/en\/conditions-to-treat\/"},{"@type":"ListItem","position":3,"name":"Brown spots"}]},{"@type":"WebSite","@id":"https:\/\/dermaviemd.ca\/#website","url":"https:\/\/dermaviemd.ca\/","name":"DermaVie M.D.","description":"En tant que m\u00e9decins sp\u00e9cialistes en dermatologie, notre mission est de vous offrir les meilleurs soins possibles.","potentialAction":[{"@type":"SearchAction","target":{"@type":"EntryPoint","urlTemplate":"https:\/\/dermaviemd.ca\/?s={search_term_string}"},"query-input":"required name=search_term_string"}],"inLanguage":"en-US"}]}},"_links":{"self":[{"href":"https:\/\/dermaviemd.ca\/en\/wp-json\/wp\/v2\/pages\/1249","targetHints":{"allow":["GET"]}}],"collection":[{"href":"https:\/\/dermaviemd.ca\/en\/wp-json\/wp\/v2\/pages"}],"about":[{"href":"https:\/\/dermaviemd.ca\/en\/wp-json\/wp\/v2\/types\/page"}],"author":[{"embeddable":true,"href":"https:\/\/dermaviemd.ca\/en\/wp-json\/wp\/v2\/users\/1"}],"replies":[{"embeddable":true,"href":"https:\/\/dermaviemd.ca\/en\/wp-json\/wp\/v2\/comments?post=1249"}],"version-history":[{"count":2,"href":"https:\/\/dermaviemd.ca\/en\/wp-json\/wp\/v2\/pages\/1249\/revisions"}],"predecessor-version":[{"id":1251,"href":"https:\/\/dermaviemd.ca\/en\/wp-json\/wp\/v2\/pages\/1249\/revisions\/1251"}],"up":[{"embeddable":true,"href":"https:\/\/dermaviemd.ca\/en\/wp-json\/wp\/v2\/pages\/910"}],"wp:attachment":[{"href":"https:\/\/dermaviemd.ca\/en\/wp-json\/wp\/v2\/media?parent=1249"}],"curies":[{"name":"wp","href":"https:\/\/api.w.org\/{rel}","templated":true}]}}